{"id":1563,"date":"2022-01-25T09:59:25","date_gmt":"2022-01-25T08:59:25","guid":{"rendered":"https:\/\/staging.residencedorio.com\/appartement\/"},"modified":"2023-04-17T10:20:45","modified_gmt":"2023-04-17T09:20:45","slug":"appartement","status":"publish","type":"page","link":"https:\/\/staging.residencedorio.com\/fr\/appartement\/","title":{"rendered":"Appartement"},"content":{"rendered":"\t\t<div data-elementor-type=\"wp-page\" data-elementor-id=\"1563\" class=\"elementor elementor-1563 elementor-30\" data-elementor-post-type=\"page\">\n\t\t\t\t\t\t<section class=\"elementor-section elementor-top-section elementor-element elementor-element-7812b26 elementor-section-height-min-height elementor-section-boxed elementor-section-height-default elementor-section-items-middle\" data-id=\"7812b26\" data-element_type=\"section\" data-e-type=\"section\" data-settings=\"{&quot;background_background&quot;:&quot;classic&quot;,&quot;shape_divider_bottom&quot;:&quot;waves&quot;}\">\n\t\t\t\t\t<div class=\"elementor-shape elementor-shape-bottom\" aria-hidden=\"true\" data-negative=\"false\">\n\t\t\t<svg xmlns=\"http:\/\/www.w3.org\/2000\/svg\" viewBox=\"0 0 1000 100\" preserveAspectRatio=\"none\">\n\t<path class=\"elementor-shape-fill\" d=\"M421.9,6.5c22.6-2.5,51.5,0.4,75.5,5.3c23.6,4.9,70.9,23.5,100.5,35.7c75.8,32.2,133.7,44.5,192.6,49.7\n\tc23.6,2.1,48.7,3.5,103.4-2.5c54.7-6,106.2-25.6,106.2-25.6V0H0v30.3c0,0,72,32.6,158.4,30.5c39.2-0.7,92.8-6.7,134-22.4\n\tc21.2-8.1,52.2-18.2,79.7-24.2C399.3,7.9,411.6,7.5,421.9,6.5z\"\/>\n<\/svg>\t\t<\/div>\n\t\t\t\t\t<div class=\"elementor-container elementor-column-gap-default\">\n\t\t\t\t\t<div class=\"elementor-column elementor-col-100 elementor-top-column elementor-element elementor-element-a9ac4b5\" data-id=\"a9ac4b5\" data-element_type=\"column\" data-e-type=\"column\">\n\t\t\t<div class=\"elementor-widget-wrap elementor-element-populated\">\n\t\t\t\t\t\t\t<\/div>\n\t\t<\/div>\n\t\t\t\t\t<\/div>\n\t\t<\/section>\n\t\t\t\t<section class=\"elementor-section elementor-top-section elementor-element elementor-element-cf63cbb elementor-section-content-middle elementor-reverse-tablet elementor-reverse-mobile elementor-section-boxed elementor-section-height-default elementor-section-height-default\" data-id=\"cf63cbb\" data-element_type=\"section\" data-e-type=\"section\">\n\t\t\t\t\t\t<div class=\"elementor-container elementor-column-gap-default\">\n\t\t\t\t\t<div class=\"elementor-column elementor-col-100 elementor-top-column elementor-element elementor-element-e2fae56\" data-id=\"e2fae56\" data-element_type=\"column\" data-e-type=\"column\">\n\t\t\t<div class=\"elementor-widget-wrap elementor-element-populated\">\n\t\t\t\t\t\t<div class=\"elementor-element elementor-element-ea60998 elementor-widget elementor-widget-heading\" data-id=\"ea60998\" data-element_type=\"widget\" data-e-type=\"widget\" data-widget_type=\"heading.default\">\n\t\t\t\t<div class=\"elementor-widget-container\">\n\t\t\t\t\t<h2 class=\"elementor-heading-title elementor-size-default\">Choisissez votre appartement sur mesure<\/h2>\t\t\t\t<\/div>\n\t\t\t\t<\/div>\n\t\t\t\t<div class=\"elementor-element elementor-element-1bbaae0 elementor-widget elementor-widget-text-editor\" data-id=\"1bbaae0\" data-element_type=\"widget\" data-e-type=\"widget\" data-widget_type=\"text-editor.default\">\n\t\t\t\t<div class=\"elementor-widget-container\">\n\t\t\t\t\t\t\t\t\t<p>Appartements modernes et bien \u00e9quip\u00e9s avec terrasse meubl\u00e9e, parquet, canap\u00e9, t\u00e9l\u00e9vision \u00e0 \u00e9cran plat avec cha\u00eenes satellite, Wi-Fi gratuit et cuisine avec lave-vaisselle.<\/p>\n\t\t\t\t\t\t\t\t<\/div>\n\t\t\t\t<\/div>\n\t\t\t\t\t<\/div>\n\t\t<\/div>\n\t\t\t\t\t<\/div>\n\t\t<\/section>\n\t\t\t\t<section class=\"elementor-section elementor-top-section elementor-element elementor-element-95cfc5d elementor-section-boxed elementor-section-height-default elementor-section-height-default\" data-id=\"95cfc5d\" data-element_type=\"section\" data-e-type=\"section\">\n\t\t\t\t\t\t<div class=\"elementor-container elementor-column-gap-default\">\n\t\t\t\t\t<div class=\"elementor-column elementor-col-100 elementor-top-column elementor-element elementor-element-415e1a3\" data-id=\"415e1a3\" data-element_type=\"column\" data-e-type=\"column\">\n\t\t\t<div class=\"elementor-widget-wrap elementor-element-populated\">\n\t\t\t\t\t\t<section class=\"elementor-section elementor-inner-section elementor-element elementor-element-19db468 elementor-section-boxed elementor-section-height-default elementor-section-height-default\" data-id=\"19db468\" data-element_type=\"section\" data-e-type=\"section\">\n\t\t\t\t\t\t<div class=\"elementor-container elementor-column-gap-default\">\n\t\t\t\t\t<div class=\"elementor-column elementor-col-50 elementor-inner-column elementor-element elementor-element-86b9c5d\" data-id=\"86b9c5d\" data-element_type=\"column\" data-e-type=\"column\" data-settings=\"{&quot;background_background&quot;:&quot;classic&quot;}\">\n\t\t\t<div class=\"elementor-widget-wrap elementor-element-populated\">\n\t\t\t\t\t\t<div class=\"elementor-element elementor-element-80f349d elementor-widget elementor-widget-heading\" data-id=\"80f349d\" data-element_type=\"widget\" data-e-type=\"widget\" data-widget_type=\"heading.default\">\n\t\t\t\t<div class=\"elementor-widget-container\">\n\t\t\t\t\t<h2 class=\"elementor-heading-title elementor-size-default\"><a href=\"https:\/\/staging.residencedorio.com\/appartamenti\/appartamento-n100\/\">Appartement n\u00b0 100<\/a><\/h2>\t\t\t\t<\/div>\n\t\t\t\t<\/div>\n\t\t\t\t\t<\/div>\n\t\t<\/div>\n\t\t\t\t<div class=\"elementor-column elementor-col-50 elementor-inner-column elementor-element elementor-element-7b63a07\" data-id=\"7b63a07\" data-element_type=\"column\" data-e-type=\"column\" data-settings=\"{&quot;background_background&quot;:&quot;classic&quot;}\">\n\t\t\t<div class=\"elementor-widget-wrap elementor-element-populated\">\n\t\t\t\t\t\t<div class=\"elementor-element elementor-element-a324023 elementor-widget elementor-widget-heading\" data-id=\"a324023\" data-element_type=\"widget\" data-e-type=\"widget\" data-widget_type=\"heading.default\">\n\t\t\t\t<div class=\"elementor-widget-container\">\n\t\t\t\t\t<h2 class=\"elementor-heading-title elementor-size-default\"><a href=\"https:\/\/staging.residencedorio.com\/appartamenti\/appartamento-n101\/\">Appartement n\u00b0 101<\/a><\/h2>\t\t\t\t<\/div>\n\t\t\t\t<\/div>\n\t\t\t\t\t<\/div>\n\t\t<\/div>\n\t\t\t\t\t<\/div>\n\t\t<\/section>\n\t\t\t\t<section class=\"elementor-section elementor-inner-section elementor-element elementor-element-251c959 elementor-section-boxed elementor-section-height-default elementor-section-height-default\" data-id=\"251c959\" data-element_type=\"section\" data-e-type=\"section\">\n\t\t\t\t\t\t<div class=\"elementor-container elementor-column-gap-default\">\n\t\t\t\t\t<div class=\"elementor-column elementor-col-50 elementor-inner-column elementor-element elementor-element-d28dbf7\" data-id=\"d28dbf7\" data-element_type=\"column\" data-e-type=\"column\" data-settings=\"{&quot;background_background&quot;:&quot;classic&quot;}\">\n\t\t\t<div class=\"elementor-widget-wrap elementor-element-populated\">\n\t\t\t\t\t\t<div class=\"elementor-element elementor-element-409a9f6 elementor-widget elementor-widget-heading\" data-id=\"409a9f6\" data-element_type=\"widget\" data-e-type=\"widget\" data-widget_type=\"heading.default\">\n\t\t\t\t<div class=\"elementor-widget-container\">\n\t\t\t\t\t<h2 class=\"elementor-heading-title elementor-size-default\"><a href=\"https:\/\/staging.residencedorio.com\/appartamenti\/appartamento-n102\/\">Appartement n\u00b0 102<\/a><\/h2>\t\t\t\t<\/div>\n\t\t\t\t<\/div>\n\t\t\t\t\t<\/div>\n\t\t<\/div>\n\t\t\t\t<div class=\"elementor-column elementor-col-50 elementor-inner-column elementor-element elementor-element-2f97817\" data-id=\"2f97817\" data-element_type=\"column\" data-e-type=\"column\" data-settings=\"{&quot;background_background&quot;:&quot;classic&quot;}\">\n\t\t\t<div class=\"elementor-widget-wrap elementor-element-populated\">\n\t\t\t\t\t\t<div class=\"elementor-element elementor-element-b82d19a elementor-widget elementor-widget-heading\" data-id=\"b82d19a\" data-element_type=\"widget\" data-e-type=\"widget\" data-widget_type=\"heading.default\">\n\t\t\t\t<div class=\"elementor-widget-container\">\n\t\t\t\t\t<h2 class=\"elementor-heading-title elementor-size-default\"><a href=\"https:\/\/staging.residencedorio.com\/appartamenti\/appartamento-n103\/\">Appartement n\u00b0 103<\/a><\/h2>\t\t\t\t<\/div>\n\t\t\t\t<\/div>\n\t\t\t\t\t<\/div>\n\t\t<\/div>\n\t\t\t\t\t<\/div>\n\t\t<\/section>\n\t\t\t\t<section class=\"elementor-section elementor-inner-section elementor-element elementor-element-0b73969 elementor-section-boxed elementor-section-height-default elementor-section-height-default\" data-id=\"0b73969\" data-element_type=\"section\" data-e-type=\"section\">\n\t\t\t\t\t\t<div class=\"elementor-container elementor-column-gap-default\">\n\t\t\t\t\t<div class=\"elementor-column elementor-col-50 elementor-inner-column elementor-element elementor-element-f165ef8\" data-id=\"f165ef8\" data-element_type=\"column\" data-e-type=\"column\" data-settings=\"{&quot;background_background&quot;:&quot;classic&quot;}\">\n\t\t\t<div class=\"elementor-widget-wrap elementor-element-populated\">\n\t\t\t\t\t\t<div class=\"elementor-element elementor-element-5723c75 elementor-widget elementor-widget-heading\" data-id=\"5723c75\" data-element_type=\"widget\" data-e-type=\"widget\" data-widget_type=\"heading.default\">\n\t\t\t\t<div class=\"elementor-widget-container\">\n\t\t\t\t\t<h2 class=\"elementor-heading-title elementor-size-default\"><a href=\"https:\/\/staging.residencedorio.com\/appartamenti\/appartamento-n104\/\">Appartement n\u00b0 104<\/a><\/h2>\t\t\t\t<\/div>\n\t\t\t\t<\/div>\n\t\t\t\t\t<\/div>\n\t\t<\/div>\n\t\t\t\t<div class=\"elementor-column elementor-col-50 elementor-inner-column elementor-element elementor-element-2311610\" data-id=\"2311610\" data-element_type=\"column\" data-e-type=\"column\" data-settings=\"{&quot;background_background&quot;:&quot;classic&quot;}\">\n\t\t\t<div class=\"elementor-widget-wrap elementor-element-populated\">\n\t\t\t\t\t\t<div class=\"elementor-element elementor-element-a063b9a elementor-widget elementor-widget-heading\" data-id=\"a063b9a\" data-element_type=\"widget\" data-e-type=\"widget\" data-widget_type=\"heading.default\">\n\t\t\t\t<div class=\"elementor-widget-container\">\n\t\t\t\t\t<h2 class=\"elementor-heading-title elementor-size-default\"><a href=\"https:\/\/staging.residencedorio.com\/appartamenti\/appartamento-n105\/\">Appartement n\u00b0105<\/a><\/h2>\t\t\t\t<\/div>\n\t\t\t\t<\/div>\n\t\t\t\t\t<\/div>\n\t\t<\/div>\n\t\t\t\t\t<\/div>\n\t\t<\/section>\n\t\t\t\t\t<\/div>\n\t\t<\/div>\n\t\t\t\t\t<\/div>\n\t\t<\/section>\n\t\t\t\t<\/div>\n\t\t","protected":false},"excerpt":{"rendered":"<p>Choisissez votre appartement sur mesure Appartements modernes et bien \u00e9quip\u00e9s avec terrasse meubl\u00e9e, parquet, canap\u00e9, t\u00e9l\u00e9vision \u00e0 \u00e9cran plat avec cha\u00eenes satellite, Wi-Fi gratuit et cuisine avec lave-vaisselle. Appartement n\u00b0 100 Appartement n\u00b0 101 Appartement n\u00b0 102 Appartement n\u00b0 103 Appartement n\u00b0 104 Appartement n\u00b0105<\/p>\n","protected":false},"author":1,"featured_media":0,"parent":0,"menu_order":0,"comment_status":"closed","ping_status":"closed","template":"elementor_header_footer","meta":{"footnotes":""},"class_list":["post-1563","page","type-page","status-publish","hentry"],"yoast_head":"<!-- This site is optimized with the Yoast SEO plugin v27.2 - https:\/\/yoast.com\/product\/yoast-seo-wordpress\/ -->\n<title>Appartement - Residence Dorio<\/title>\n<meta name=\"robots\" content=\"noindex, follow, max-snippet:-1, max-image-preview:large, max-video-preview:-1\" \/>\n<meta property=\"og:locale\" content=\"fr_FR\" \/>\n<meta property=\"og:type\" content=\"article\" \/>\n<meta property=\"og:title\" content=\"Appartement - Residence Dorio\" \/>\n<meta property=\"og:description\" content=\"Choisissez votre appartement sur mesure Appartements modernes et bien \u00e9quip\u00e9s avec terrasse meubl\u00e9e, parquet, canap\u00e9, t\u00e9l\u00e9vision \u00e0 \u00e9cran plat avec cha\u00eenes satellite, Wi-Fi gratuit et cuisine avec lave-vaisselle. Appartement n\u00b0 100 Appartement n\u00b0 101 Appartement n\u00b0 102 Appartement n\u00b0 103 Appartement n\u00b0 104 Appartement n\u00b0105\" \/>\n<meta property=\"og:url\" content=\"https:\/\/staging.residencedorio.com\/fr\/appartement\/\" \/>\n<meta property=\"og:site_name\" content=\"Residence Dorio\" \/>\n<meta property=\"article:modified_time\" content=\"2023-04-17T09:20:45+00:00\" \/>\n<meta name=\"twitter:card\" content=\"summary_large_image\" \/>\n<script type=\"application\/ld+json\" class=\"yoast-schema-graph\">{\"@context\":\"https:\/\/schema.org\",\"@graph\":[{\"@type\":\"WebPage\",\"@id\":\"https:\/\/staging.residencedorio.com\/fr\/appartement\/\",\"url\":\"https:\/\/staging.residencedorio.com\/fr\/appartement\/\",\"name\":\"Appartement - Residence Dorio\",\"isPartOf\":{\"@id\":\"https:\/\/staging.residencedorio.com\/fr\/#website\"},\"datePublished\":\"2022-01-25T08:59:25+00:00\",\"dateModified\":\"2023-04-17T09:20:45+00:00\",\"breadcrumb\":{\"@id\":\"https:\/\/staging.residencedorio.com\/fr\/appartement\/#breadcrumb\"},\"inLanguage\":\"fr-FR\",\"potentialAction\":[{\"@type\":\"ReadAction\",\"target\":[\"https:\/\/staging.residencedorio.com\/fr\/appartement\/\"]}]},{\"@type\":\"BreadcrumbList\",\"@id\":\"https:\/\/staging.residencedorio.com\/fr\/appartement\/#breadcrumb\",\"itemListElement\":[{\"@type\":\"ListItem\",\"position\":1,\"name\":\"Home\",\"item\":\"https:\/\/staging.residencedorio.com\/fr\/accueil\/\"},{\"@type\":\"ListItem\",\"position\":2,\"name\":\"Appartement\"}]},{\"@type\":\"WebSite\",\"@id\":\"https:\/\/staging.residencedorio.com\/fr\/#website\",\"url\":\"https:\/\/staging.residencedorio.com\/fr\/\",\"name\":\"Residence Dorio\",\"description\":\"La tua vacanza sul Lago di Como\",\"publisher\":{\"@id\":\"https:\/\/staging.residencedorio.com\/fr\/#organization\"},\"potentialAction\":[{\"@type\":\"SearchAction\",\"target\":{\"@type\":\"EntryPoint\",\"urlTemplate\":\"https:\/\/staging.residencedorio.com\/fr\/?s={search_term_string}\"},\"query-input\":{\"@type\":\"PropertyValueSpecification\",\"valueRequired\":true,\"valueName\":\"search_term_string\"}}],\"inLanguage\":\"fr-FR\"},{\"@type\":\"Organization\",\"@id\":\"https:\/\/staging.residencedorio.com\/fr\/#organization\",\"name\":\"Residence Dorio\",\"url\":\"https:\/\/staging.residencedorio.com\/fr\/\",\"logo\":{\"@type\":\"ImageObject\",\"inLanguage\":\"fr-FR\",\"@id\":\"https:\/\/staging.residencedorio.com\/fr\/#\/schema\/logo\/image\/\",\"url\":\"https:\/\/staging.residencedorio.com\/wp-content\/uploads\/2022\/01\/logo-residence-dorio.png\",\"contentUrl\":\"https:\/\/staging.residencedorio.com\/wp-content\/uploads\/2022\/01\/logo-residence-dorio.png\",\"width\":344,\"height\":64,\"caption\":\"Residence Dorio\"},\"image\":{\"@id\":\"https:\/\/staging.residencedorio.com\/fr\/#\/schema\/logo\/image\/\"}}]}<\/script>\n<!-- \/ Yoast SEO plugin. -->","yoast_head_json":{"title":"Appartement - Residence Dorio","robots":{"index":"noindex","follow":"follow","max-snippet":"max-snippet:-1","max-image-preview":"max-image-preview:large","max-video-preview":"max-video-preview:-1"},"og_locale":"fr_FR","og_type":"article","og_title":"Appartement - Residence Dorio","og_description":"Choisissez votre appartement sur mesure Appartements modernes et bien \u00e9quip\u00e9s avec terrasse meubl\u00e9e, parquet, canap\u00e9, t\u00e9l\u00e9vision \u00e0 \u00e9cran plat avec cha\u00eenes satellite, Wi-Fi gratuit et cuisine avec lave-vaisselle. Appartement n\u00b0 100 Appartement n\u00b0 101 Appartement n\u00b0 102 Appartement n\u00b0 103 Appartement n\u00b0 104 Appartement n\u00b0105","og_url":"https:\/\/staging.residencedorio.com\/fr\/appartement\/","og_site_name":"Residence Dorio","article_modified_time":"2023-04-17T09:20:45+00:00","twitter_card":"summary_large_image","schema":{"@context":"https:\/\/schema.org","@graph":[{"@type":"WebPage","@id":"https:\/\/staging.residencedorio.com\/fr\/appartement\/","url":"https:\/\/staging.residencedorio.com\/fr\/appartement\/","name":"Appartement - Residence Dorio","isPartOf":{"@id":"https:\/\/staging.residencedorio.com\/fr\/#website"},"datePublished":"2022-01-25T08:59:25+00:00","dateModified":"2023-04-17T09:20:45+00:00","breadcrumb":{"@id":"https:\/\/staging.residencedorio.com\/fr\/appartement\/#breadcrumb"},"inLanguage":"fr-FR","potentialAction":[{"@type":"ReadAction","target":["https:\/\/staging.residencedorio.com\/fr\/appartement\/"]}]},{"@type":"BreadcrumbList","@id":"https:\/\/staging.residencedorio.com\/fr\/appartement\/#breadcrumb","itemListElement":[{"@type":"ListItem","position":1,"name":"Home","item":"https:\/\/staging.residencedorio.com\/fr\/accueil\/"},{"@type":"ListItem","position":2,"name":"Appartement"}]},{"@type":"WebSite","@id":"https:\/\/staging.residencedorio.com\/fr\/#website","url":"https:\/\/staging.residencedorio.com\/fr\/","name":"Residence Dorio","description":"La tua vacanza sul Lago di Como","publisher":{"@id":"https:\/\/staging.residencedorio.com\/fr\/#organization"},"potentialAction":[{"@type":"SearchAction","target":{"@type":"EntryPoint","urlTemplate":"https:\/\/staging.residencedorio.com\/fr\/?s={search_term_string}"},"query-input":{"@type":"PropertyValueSpecification","valueRequired":true,"valueName":"search_term_string"}}],"inLanguage":"fr-FR"},{"@type":"Organization","@id":"https:\/\/staging.residencedorio.com\/fr\/#organization","name":"Residence Dorio","url":"https:\/\/staging.residencedorio.com\/fr\/","logo":{"@type":"ImageObject","inLanguage":"fr-FR","@id":"https:\/\/staging.residencedorio.com\/fr\/#\/schema\/logo\/image\/","url":"https:\/\/staging.residencedorio.com\/wp-content\/uploads\/2022\/01\/logo-residence-dorio.png","contentUrl":"https:\/\/staging.residencedorio.com\/wp-content\/uploads\/2022\/01\/logo-residence-dorio.png","width":344,"height":64,"caption":"Residence Dorio"},"image":{"@id":"https:\/\/staging.residencedorio.com\/fr\/#\/schema\/logo\/image\/"}}]}},"_links":{"self":[{"href":"https:\/\/staging.residencedorio.com\/fr\/wp-json\/wp\/v2\/pages\/1563","targetHints":{"allow":["GET"]}}],"collection":[{"href":"https:\/\/staging.residencedorio.com\/fr\/wp-json\/wp\/v2\/pages"}],"about":[{"href":"https:\/\/staging.residencedorio.com\/fr\/wp-json\/wp\/v2\/types\/page"}],"author":[{"embeddable":true,"href":"https:\/\/staging.residencedorio.com\/fr\/wp-json\/wp\/v2\/users\/1"}],"replies":[{"embeddable":true,"href":"https:\/\/staging.residencedorio.com\/fr\/wp-json\/wp\/v2\/comments?post=1563"}],"version-history":[{"count":1,"href":"https:\/\/staging.residencedorio.com\/fr\/wp-json\/wp\/v2\/pages\/1563\/revisions"}],"predecessor-version":[{"id":1565,"href":"https:\/\/staging.residencedorio.com\/fr\/wp-json\/wp\/v2\/pages\/1563\/revisions\/1565"}],"wp:attachment":[{"href":"https:\/\/staging.residencedorio.com\/fr\/wp-json\/wp\/v2\/media?parent=1563"}],"curies":[{"name":"wp","href":"https:\/\/api.w.org\/{rel}","templated":true}]}}