{"id":1559,"date":"2022-01-25T09:59:55","date_gmt":"2022-01-25T08:59:55","guid":{"rendered":"https:\/\/staging.residencedorio.com\/contact\/"},"modified":"2024-11-04T11:24:21","modified_gmt":"2024-11-04T10:24:21","slug":"contact","status":"publish","type":"page","link":"https:\/\/staging.residencedorio.com\/fr\/contact\/","title":{"rendered":"Contact"},"content":{"rendered":"\t\t<div data-elementor-type=\"wp-page\" data-elementor-id=\"1559\" class=\"elementor elementor-1559 elementor-32\" data-elementor-post-type=\"page\">\n\t\t\t\t\t\t<section class=\"elementor-section elementor-top-section elementor-element elementor-element-f013633 elementor-section-height-min-height elementor-section-boxed elementor-section-height-default elementor-section-items-middle\" data-id=\"f013633\" data-element_type=\"section\" data-e-type=\"section\" data-settings=\"{&quot;background_background&quot;:&quot;classic&quot;,&quot;shape_divider_bottom&quot;:&quot;waves&quot;}\">\n\t\t\t\t\t<div class=\"elementor-shape elementor-shape-bottom\" aria-hidden=\"true\" data-negative=\"false\">\n\t\t\t<svg xmlns=\"http:\/\/www.w3.org\/2000\/svg\" viewBox=\"0 0 1000 100\" preserveAspectRatio=\"none\">\n\t<path class=\"elementor-shape-fill\" d=\"M421.9,6.5c22.6-2.5,51.5,0.4,75.5,5.3c23.6,4.9,70.9,23.5,100.5,35.7c75.8,32.2,133.7,44.5,192.6,49.7\n\tc23.6,2.1,48.7,3.5,103.4-2.5c54.7-6,106.2-25.6,106.2-25.6V0H0v30.3c0,0,72,32.6,158.4,30.5c39.2-0.7,92.8-6.7,134-22.4\n\tc21.2-8.1,52.2-18.2,79.7-24.2C399.3,7.9,411.6,7.5,421.9,6.5z\"\/>\n<\/svg>\t\t<\/div>\n\t\t\t\t\t<div class=\"elementor-container elementor-column-gap-default\">\n\t\t\t\t\t<div class=\"elementor-column elementor-col-100 elementor-top-column elementor-element elementor-element-e08dd64\" data-id=\"e08dd64\" data-element_type=\"column\" data-e-type=\"column\">\n\t\t\t<div class=\"elementor-widget-wrap elementor-element-populated\">\n\t\t\t\t\t\t\t<\/div>\n\t\t<\/div>\n\t\t\t\t\t<\/div>\n\t\t<\/section>\n\t\t\t\t<section class=\"elementor-section elementor-top-section elementor-element elementor-element-ffa274c elementor-section-content-middle elementor-reverse-tablet elementor-reverse-mobile elementor-section-boxed elementor-section-height-default elementor-section-height-default\" data-id=\"ffa274c\" data-element_type=\"section\" data-e-type=\"section\" data-settings=\"{&quot;background_background&quot;:&quot;classic&quot;}\">\n\t\t\t\t\t\t<div class=\"elementor-container elementor-column-gap-default\">\n\t\t\t\t\t<div class=\"elementor-column elementor-col-50 elementor-top-column elementor-element elementor-element-0629f24\" data-id=\"0629f24\" data-element_type=\"column\" data-e-type=\"column\">\n\t\t\t<div class=\"elementor-widget-wrap elementor-element-populated\">\n\t\t\t\t\t\t<div class=\"elementor-element elementor-element-4fb0abe elementor-widget elementor-widget-google_maps\" data-id=\"4fb0abe\" data-element_type=\"widget\" data-e-type=\"widget\" data-widget_type=\"google_maps.default\">\n\t\t\t\t<div class=\"elementor-widget-container\">\n\t\t\t\t\t\t\t<div class=\"elementor-custom-embed\">\n\t\t\t<iframe loading=\"lazy\"\n\t\t\t\t\tsrc=\"https:\/\/maps.google.com\/maps?q=Via%20Sandro%20Pertini%2014%2C%2023824%20Dorio%20%28LC%29&#038;t=m&#038;z=12&#038;output=embed&#038;iwloc=near\"\n\t\t\t\t\ttitle=\"Via Sandro Pertini 14, 23824 Dorio (LC)\"\n\t\t\t\t\taria-label=\"Via Sandro Pertini 14, 23824 Dorio (LC)\"\n\t\t\t><\/iframe>\n\t\t<\/div>\n\t\t\t\t\t\t<\/div>\n\t\t\t\t<\/div>\n\t\t\t\t\t<\/div>\n\t\t<\/div>\n\t\t\t\t<div class=\"elementor-column elementor-col-50 elementor-top-column elementor-element elementor-element-6195b6d\" data-id=\"6195b6d\" data-element_type=\"column\" data-e-type=\"column\">\n\t\t\t<div class=\"elementor-widget-wrap elementor-element-populated\">\n\t\t\t\t\t\t<div class=\"elementor-element elementor-element-58d1926 elementor-widget elementor-widget-heading\" data-id=\"58d1926\" data-element_type=\"widget\" data-e-type=\"widget\" data-widget_type=\"heading.default\">\n\t\t\t\t<div class=\"elementor-widget-container\">\n\t\t\t\t\t<h2 class=\"elementor-heading-title elementor-size-default\">Pour toute information, veuillez nous contacter \u00e0 l'adresse suivante<\/h2>\t\t\t\t<\/div>\n\t\t\t\t<\/div>\n\t\t\t\t<div class=\"elementor-element elementor-element-0c58905 elementor-align-center elementor-widget elementor-widget-button\" data-id=\"0c58905\" data-element_type=\"widget\" data-e-type=\"widget\" data-widget_type=\"button.default\">\n\t\t\t\t<div class=\"elementor-widget-container\">\n\t\t\t\t\t\t\t\t\t<div class=\"elementor-button-wrapper\">\n\t\t\t\t\t<a class=\"elementor-button elementor-button-link elementor-size-sm\" href=\"mailto:info@residencedorio.com\">\n\t\t\t\t\t\t<span class=\"elementor-button-content-wrapper\">\n\t\t\t\t\t\t\t\t\t<span class=\"elementor-button-text\">Courriel \u00e0 info@residencedorio.com<\/span>\n\t\t\t\t\t<\/span>\n\t\t\t\t\t<\/a>\n\t\t\t\t<\/div>\n\t\t\t\t\t\t\t\t<\/div>\n\t\t\t\t<\/div>\n\t\t\t\t<div class=\"elementor-element elementor-element-495effe elementor-align-center elementor-widget elementor-widget-button\" data-id=\"495effe\" data-element_type=\"widget\" data-e-type=\"widget\" data-widget_type=\"button.default\">\n\t\t\t\t<div class=\"elementor-widget-container\">\n\t\t\t\t\t\t\t\t\t<div class=\"elementor-button-wrapper\">\n\t\t\t\t\t<a class=\"elementor-button elementor-button-link elementor-size-sm\" href=\"https:\/\/wa.me\/393928823966\">\n\t\t\t\t\t\t<span class=\"elementor-button-content-wrapper\">\n\t\t\t\t\t\t<span class=\"elementor-button-icon\">\n\t\t\t\t<i aria-hidden=\"true\" class=\"fab fa-whatsapp\"><\/i>\t\t\t<\/span>\n\t\t\t\t\t\t\t\t\t<span class=\"elementor-button-text\">Discutez avec nous sur Whatsapp !<\/span>\n\t\t\t\t\t<\/span>\n\t\t\t\t\t<\/a>\n\t\t\t\t<\/div>\n\t\t\t\t\t\t\t\t<\/div>\n\t\t\t\t<\/div>\n\t\t\t\t<div class=\"elementor-element elementor-element-f00038f elementor-align-center elementor-widget elementor-widget-button\" data-id=\"f00038f\" data-element_type=\"widget\" data-e-type=\"widget\" data-widget_type=\"button.default\">\n\t\t\t\t<div class=\"elementor-widget-container\">\n\t\t\t\t\t\t\t\t\t<div class=\"elementor-button-wrapper\">\n\t\t\t\t\t<a class=\"elementor-button elementor-button-link elementor-size-sm\" href=\"tel:+39%203914540550\">\n\t\t\t\t\t\t<span class=\"elementor-button-content-wrapper\">\n\t\t\t\t\t\t\t\t\t<span class=\"elementor-button-text\">Contactez-nous au +39 3914540550<\/span>\n\t\t\t\t\t<\/span>\n\t\t\t\t\t<\/a>\n\t\t\t\t<\/div>\n\t\t\t\t\t\t\t\t<\/div>\n\t\t\t\t<\/div>\n\t\t\t\t<div class=\"elementor-element elementor-element-8a878a2 elementor-widget__width-auto elementor-widget elementor-widget-text-editor\" data-id=\"8a878a2\" data-element_type=\"widget\" data-e-type=\"widget\" data-widget_type=\"text-editor.default\">\n\t\t\t\t<div class=\"elementor-widget-container\">\n\t\t\t\t\t\t\t\t\t<p>Appel disponible en<\/p>\n\t\t\t\t\t\t\t\t<\/div>\n\t\t\t\t<\/div>\n\t\t\t\t<div class=\"elementor-element elementor-element-578cc58 elementor-widget__width-auto elementor-view-default elementor-widget elementor-widget-icon\" data-id=\"578cc58\" data-element_type=\"widget\" data-e-type=\"widget\" data-widget_type=\"icon.default\">\n\t\t\t\t<div class=\"elementor-widget-container\">\n\t\t\t\t\t\t\t<div class=\"elementor-icon-wrapper\">\n\t\t\t<div class=\"elementor-icon\">\n\t\t\t<svg xmlns=\"http:\/\/www.w3.org\/2000\/svg\" xmlns:xlink=\"http:\/\/www.w3.org\/1999\/xlink\" x=\"0px\" y=\"0px\" viewBox=\"0 0 200 200\" style=\"enable-background:new 0 0 200 200;\" xml:space=\"preserve\"><style type=\"text\/css\">\t.st0{clip-path:url(#SVGID_00000118390694050786385740000014344563794173148051_);}\t.st1{clip-path:url(#SVGID_00000109722921912051969230000008500193423959879598_);fill:#009246;}\t.st2{clip-path:url(#SVGID_00000109722921912051969230000008500193423959879598_);fill:#F1F2F1;}\t.st3{clip-path:url(#SVGID_00000109722921912051969230000008500193423959879598_);fill:#CE2B37;}<\/style><g id=\"Livello_1\"><\/g><g id=\"_x34_\">\t<g>\t\t<defs>\t\t\t<circle id=\"SVGID_1_\" cx=\"100\" cy=\"100\" r=\"99.4\"><\/circle>\t\t<\/defs>\t\t<clipPath id=\"SVGID_00000121962290382094863040000017604169566797678497_\">\t\t\t<use xlink:href=\"#SVGID_1_\" style=\"overflow:visible;\"><\/use>\t\t<\/clipPath>\t\t\t\t\t<g id=\"ITALY_00000125587383257764630180000014927011289357043098_\" style=\"clip-path:url(#SVGID_00000121962290382094863040000017604169566797678497_);\">\t\t\t<g>\t\t\t\t<g>\t\t\t\t\t<defs>\t\t\t\t\t\t<rect id=\"SVGID_00000081623177857679807990000000140987830296570799_\" x=\"0.6\" y=\"-6.2\" width=\"198.9\" height=\"212.4\"><\/rect>\t\t\t\t\t<\/defs>\t\t\t\t\t<clipPath id=\"SVGID_00000017506251924015343970000005320447936973206146_\">\t\t\t\t\t\t<use xlink:href=\"#SVGID_00000081623177857679807990000000140987830296570799_\" style=\"overflow:visible;\"><\/use>\t\t\t\t\t<\/clipPath>\t\t\t\t\t\t\t\t\t\t\t<rect x=\"0.6\" y=\"-6.2\" style=\"clip-path:url(#SVGID_00000017506251924015343970000005320447936973206146_);fill:#009246;\" width=\"66.3\" height=\"212.4\"><\/rect>\t\t\t\t\t\t\t\t\t\t\t<rect x=\"66.9\" y=\"-6.2\" style=\"clip-path:url(#SVGID_00000017506251924015343970000005320447936973206146_);fill:#F1F2F1;\" width=\"66.3\" height=\"212.4\"><\/rect>\t\t\t\t\t\t\t\t\t\t\t<rect x=\"133.1\" y=\"-6.2\" style=\"clip-path:url(#SVGID_00000017506251924015343970000005320447936973206146_);fill:#CE2B37;\" width=\"66.3\" height=\"212.4\"><\/rect>\t\t\t\t<\/g>\t\t\t<\/g>\t\t<\/g>\t<\/g><\/g><\/svg>\t\t\t<\/div>\n\t\t<\/div>\n\t\t\t\t\t\t<\/div>\n\t\t\t\t<\/div>\n\t\t\t\t<div class=\"elementor-element elementor-element-b83e7b1 elementor-widget__width-auto elementor-view-default elementor-widget elementor-widget-icon\" data-id=\"b83e7b1\" data-element_type=\"widget\" data-e-type=\"widget\" data-widget_type=\"icon.default\">\n\t\t\t\t<div class=\"elementor-widget-container\">\n\t\t\t\t\t\t\t<div class=\"elementor-icon-wrapper\">\n\t\t\t<div class=\"elementor-icon\">\n\t\t\t<svg xmlns=\"http:\/\/www.w3.org\/2000\/svg\" xmlns:xlink=\"http:\/\/www.w3.org\/1999\/xlink\" viewBox=\"0 0 200 200\"><defs><style>.cls-1{fill:none;}.cls-2{clip-path:url(#clip-path);}.cls-3{clip-path:url(#clip-path-2);}.cls-4{fill:#fff;}.cls-5{fill:#bd0034;}.cls-6{fill:#1a237b;}<\/style><clipPath id=\"clip-path\"><circle class=\"cls-1\" cx=\"100\" cy=\"100\" r=\"100\"><\/circle><\/clipPath><clipPath id=\"clip-path-2\"><rect class=\"cls-1\" x=\"-9.23\" y=\"-8.96\" width=\"218.47\" height=\"231.85\"><\/rect><\/clipPath><\/defs><g id=\"_4\" data-name=\"4\"><g class=\"cls-2\"><g id=\"UNITED_KINGDOM\" data-name=\"UNITED KINGDOM\"><g class=\"cls-3\"><rect class=\"cls-4\" x=\"-9.23\" y=\"37.6\" width=\"218.47\" height=\"127.43\"><\/rect><polygon class=\"cls-5\" points=\"137.05 83.67 209.23 43.26 209.23 37.6 204.25 37.6 121.95 83.67 137.05 83.67\"><\/polygon><polygon class=\"cls-5\" points=\"133.64 121.52 209.23 163.82 209.23 155.36 148.74 121.52 133.64 121.52\"><\/polygon><polygon class=\"cls-5\" points=\"-9.23 47.3 55.43 83.67 70.54 83.67 -9.23 38.84 -9.23 47.3\"><\/polygon><polygon class=\"cls-5\" points=\"67.12 121.52 -9.23 164.29 -9.23 165.03 4.56 165.03 82.23 121.52 67.12 121.52\"><\/polygon><polygon class=\"cls-6\" points=\"261.42 0 117.79 0 117.79 80.44 261.42 0\"><\/polygon><polygon class=\"cls-6\" points=\"84.02 0 -56.73 1.3 84.02 80.44 84.02 0\"><\/polygon><polygon class=\"cls-6\" points=\"209.23 83.67 209.23 54.44 157.34 83.67 209.23 83.67\"><\/polygon><polygon class=\"cls-6\" points=\"209.23 150.44 209.23 121.52 157.34 121.52 209.23 150.44\"><\/polygon><polygon class=\"cls-6\" points=\"-63.75 207.57 84.02 209.55 84.02 124.76 -63.75 207.57\"><\/polygon><polygon class=\"cls-6\" points=\"117.79 209.55 271.04 210.37 117.79 124.76 117.79 209.55\"><\/polygon><polygon class=\"cls-6\" points=\"-9.23 121.52 -9.23 151.74 44.46 121.52 -9.23 121.52\"><\/polygon><polygon class=\"cls-6\" points=\"-9.23 83.67 44.46 83.67 -9.23 53.4 -9.23 83.67\"><\/polygon><polygon class=\"cls-5\" points=\"90.78 0.89 90.78 91.24 -9.23 91.24 -9.23 113.96 90.78 113.96 90.78 209.55 111.03 209.55 111.03 113.96 209.23 113.96 209.23 91.24 111.03 91.24 111.03 0.89 90.78 0.89\"><\/polygon><\/g><\/g><\/g><\/g><\/svg>\t\t\t<\/div>\n\t\t<\/div>\n\t\t\t\t\t\t<\/div>\n\t\t\t\t<\/div>\n\t\t\t\t<div class=\"elementor-element elementor-element-5a6db34 elementor-widget elementor-widget-text-editor\" data-id=\"5a6db34\" data-element_type=\"widget\" data-e-type=\"widget\" data-widget_type=\"text-editor.default\">\n\t\t\t\t<div class=\"elementor-widget-container\">\n\t\t\t\t\t\t\t\t\t<p>Veuillez noter que le service \u00ab\u00a0R\u00e9server en ligne\u00a0\u00bb est actif 24 heures sur 24 et que le t\u00e9l\u00e9phone portable est actif de 9 heures \u00e0 18 heures du lundi au vendredi.<\/p>\n\t\t\t\t\t\t\t\t<\/div>\n\t\t\t\t<\/div>\n\t\t\t\t\t<\/div>\n\t\t<\/div>\n\t\t\t\t\t<\/div>\n\t\t<\/section>\n\t\t\t\t<\/div>\n\t\t","protected":false},"excerpt":{"rendered":"<p>Pour toute information, veuillez nous contacter \u00e0 l&rsquo;adresse suivante Courriel \u00e0 info@residencedorio.com Discutez avec nous sur Whatsapp ! Contactez-nous au +39 3914540550 Appel disponible en Veuillez noter que le service \u00ab\u00a0R\u00e9server en ligne\u00a0\u00bb est actif 24 heures sur 24 et que le t\u00e9l\u00e9phone portable est actif de 9 heures \u00e0 18 heures du lundi au [&hellip;]<\/p>\n","protected":false},"author":1,"featured_media":0,"parent":0,"menu_order":0,"comment_status":"closed","ping_status":"closed","template":"elementor_header_footer","meta":{"footnotes":""},"class_list":["post-1559","page","type-page","status-publish","hentry"],"yoast_head":"<!-- This site is optimized with the Yoast SEO plugin v27.2 - https:\/\/yoast.com\/product\/yoast-seo-wordpress\/ -->\n<title>Contact - Residence Dorio<\/title>\n<meta name=\"robots\" content=\"noindex, follow, max-snippet:-1, max-image-preview:large, max-video-preview:-1\" \/>\n<meta property=\"og:locale\" content=\"fr_FR\" \/>\n<meta property=\"og:type\" content=\"article\" \/>\n<meta property=\"og:title\" content=\"Contact - Residence Dorio\" \/>\n<meta property=\"og:description\" content=\"Pour toute information, veuillez nous contacter \u00e0 l&rsquo;adresse suivante Courriel \u00e0 info@residencedorio.com Discutez avec nous sur Whatsapp ! Contactez-nous au +39 3914540550 Appel disponible en Veuillez noter que le service \u00ab\u00a0R\u00e9server en ligne\u00a0\u00bb est actif 24 heures sur 24 et que le t\u00e9l\u00e9phone portable est actif de 9 heures \u00e0 18 heures du lundi au [&hellip;]\" \/>\n<meta property=\"og:url\" content=\"https:\/\/staging.residencedorio.com\/fr\/contact\/\" \/>\n<meta property=\"og:site_name\" content=\"Residence Dorio\" \/>\n<meta property=\"article:modified_time\" content=\"2024-11-04T10:24:21+00:00\" \/>\n<meta name=\"twitter:card\" content=\"summary_large_image\" \/>\n<script type=\"application\/ld+json\" class=\"yoast-schema-graph\">{\"@context\":\"https:\/\/schema.org\",\"@graph\":[{\"@type\":\"WebPage\",\"@id\":\"https:\/\/staging.residencedorio.com\/fr\/contact\/\",\"url\":\"https:\/\/staging.residencedorio.com\/fr\/contact\/\",\"name\":\"Contact - Residence Dorio\",\"isPartOf\":{\"@id\":\"https:\/\/staging.residencedorio.com\/fr\/#website\"},\"datePublished\":\"2022-01-25T08:59:55+00:00\",\"dateModified\":\"2024-11-04T10:24:21+00:00\",\"breadcrumb\":{\"@id\":\"https:\/\/staging.residencedorio.com\/fr\/contact\/#breadcrumb\"},\"inLanguage\":\"fr-FR\",\"potentialAction\":[{\"@type\":\"ReadAction\",\"target\":[\"https:\/\/staging.residencedorio.com\/fr\/contact\/\"]}]},{\"@type\":\"BreadcrumbList\",\"@id\":\"https:\/\/staging.residencedorio.com\/fr\/contact\/#breadcrumb\",\"itemListElement\":[{\"@type\":\"ListItem\",\"position\":1,\"name\":\"Home\",\"item\":\"https:\/\/staging.residencedorio.com\/fr\/accueil\/\"},{\"@type\":\"ListItem\",\"position\":2,\"name\":\"Contact\"}]},{\"@type\":\"WebSite\",\"@id\":\"https:\/\/staging.residencedorio.com\/fr\/#website\",\"url\":\"https:\/\/staging.residencedorio.com\/fr\/\",\"name\":\"Residence Dorio\",\"description\":\"La tua vacanza sul Lago di Como\",\"publisher\":{\"@id\":\"https:\/\/staging.residencedorio.com\/fr\/#organization\"},\"potentialAction\":[{\"@type\":\"SearchAction\",\"target\":{\"@type\":\"EntryPoint\",\"urlTemplate\":\"https:\/\/staging.residencedorio.com\/fr\/?s={search_term_string}\"},\"query-input\":{\"@type\":\"PropertyValueSpecification\",\"valueRequired\":true,\"valueName\":\"search_term_string\"}}],\"inLanguage\":\"fr-FR\"},{\"@type\":\"Organization\",\"@id\":\"https:\/\/staging.residencedorio.com\/fr\/#organization\",\"name\":\"Residence Dorio\",\"url\":\"https:\/\/staging.residencedorio.com\/fr\/\",\"logo\":{\"@type\":\"ImageObject\",\"inLanguage\":\"fr-FR\",\"@id\":\"https:\/\/staging.residencedorio.com\/fr\/#\/schema\/logo\/image\/\",\"url\":\"https:\/\/staging.residencedorio.com\/wp-content\/uploads\/2022\/01\/logo-residence-dorio.png\",\"contentUrl\":\"https:\/\/staging.residencedorio.com\/wp-content\/uploads\/2022\/01\/logo-residence-dorio.png\",\"width\":344,\"height\":64,\"caption\":\"Residence Dorio\"},\"image\":{\"@id\":\"https:\/\/staging.residencedorio.com\/fr\/#\/schema\/logo\/image\/\"}}]}<\/script>\n<!-- \/ Yoast SEO plugin. -->","yoast_head_json":{"title":"Contact - Residence Dorio","robots":{"index":"noindex","follow":"follow","max-snippet":"max-snippet:-1","max-image-preview":"max-image-preview:large","max-video-preview":"max-video-preview:-1"},"og_locale":"fr_FR","og_type":"article","og_title":"Contact - Residence Dorio","og_description":"Pour toute information, veuillez nous contacter \u00e0 l&rsquo;adresse suivante Courriel \u00e0 info@residencedorio.com Discutez avec nous sur Whatsapp ! Contactez-nous au +39 3914540550 Appel disponible en Veuillez noter que le service \u00ab\u00a0R\u00e9server en ligne\u00a0\u00bb est actif 24 heures sur 24 et que le t\u00e9l\u00e9phone portable est actif de 9 heures \u00e0 18 heures du lundi au [&hellip;]","og_url":"https:\/\/staging.residencedorio.com\/fr\/contact\/","og_site_name":"Residence Dorio","article_modified_time":"2024-11-04T10:24:21+00:00","twitter_card":"summary_large_image","schema":{"@context":"https:\/\/schema.org","@graph":[{"@type":"WebPage","@id":"https:\/\/staging.residencedorio.com\/fr\/contact\/","url":"https:\/\/staging.residencedorio.com\/fr\/contact\/","name":"Contact - Residence Dorio","isPartOf":{"@id":"https:\/\/staging.residencedorio.com\/fr\/#website"},"datePublished":"2022-01-25T08:59:55+00:00","dateModified":"2024-11-04T10:24:21+00:00","breadcrumb":{"@id":"https:\/\/staging.residencedorio.com\/fr\/contact\/#breadcrumb"},"inLanguage":"fr-FR","potentialAction":[{"@type":"ReadAction","target":["https:\/\/staging.residencedorio.com\/fr\/contact\/"]}]},{"@type":"BreadcrumbList","@id":"https:\/\/staging.residencedorio.com\/fr\/contact\/#breadcrumb","itemListElement":[{"@type":"ListItem","position":1,"name":"Home","item":"https:\/\/staging.residencedorio.com\/fr\/accueil\/"},{"@type":"ListItem","position":2,"name":"Contact"}]},{"@type":"WebSite","@id":"https:\/\/staging.residencedorio.com\/fr\/#website","url":"https:\/\/staging.residencedorio.com\/fr\/","name":"Residence Dorio","description":"La tua vacanza sul Lago di Como","publisher":{"@id":"https:\/\/staging.residencedorio.com\/fr\/#organization"},"potentialAction":[{"@type":"SearchAction","target":{"@type":"EntryPoint","urlTemplate":"https:\/\/staging.residencedorio.com\/fr\/?s={search_term_string}"},"query-input":{"@type":"PropertyValueSpecification","valueRequired":true,"valueName":"search_term_string"}}],"inLanguage":"fr-FR"},{"@type":"Organization","@id":"https:\/\/staging.residencedorio.com\/fr\/#organization","name":"Residence Dorio","url":"https:\/\/staging.residencedorio.com\/fr\/","logo":{"@type":"ImageObject","inLanguage":"fr-FR","@id":"https:\/\/staging.residencedorio.com\/fr\/#\/schema\/logo\/image\/","url":"https:\/\/staging.residencedorio.com\/wp-content\/uploads\/2022\/01\/logo-residence-dorio.png","contentUrl":"https:\/\/staging.residencedorio.com\/wp-content\/uploads\/2022\/01\/logo-residence-dorio.png","width":344,"height":64,"caption":"Residence Dorio"},"image":{"@id":"https:\/\/staging.residencedorio.com\/fr\/#\/schema\/logo\/image\/"}}]}},"_links":{"self":[{"href":"https:\/\/staging.residencedorio.com\/fr\/wp-json\/wp\/v2\/pages\/1559","targetHints":{"allow":["GET"]}}],"collection":[{"href":"https:\/\/staging.residencedorio.com\/fr\/wp-json\/wp\/v2\/pages"}],"about":[{"href":"https:\/\/staging.residencedorio.com\/fr\/wp-json\/wp\/v2\/types\/page"}],"author":[{"embeddable":true,"href":"https:\/\/staging.residencedorio.com\/fr\/wp-json\/wp\/v2\/users\/1"}],"replies":[{"embeddable":true,"href":"https:\/\/staging.residencedorio.com\/fr\/wp-json\/wp\/v2\/comments?post=1559"}],"version-history":[{"count":4,"href":"https:\/\/staging.residencedorio.com\/fr\/wp-json\/wp\/v2\/pages\/1559\/revisions"}],"predecessor-version":[{"id":1921,"href":"https:\/\/staging.residencedorio.com\/fr\/wp-json\/wp\/v2\/pages\/1559\/revisions\/1921"}],"wp:attachment":[{"href":"https:\/\/staging.residencedorio.com\/fr\/wp-json\/wp\/v2\/media?parent=1559"}],"curies":[{"name":"wp","href":"https:\/\/api.w.org\/{rel}","templated":true}]}}