{"id":1442,"date":"2022-03-07T15:22:59","date_gmt":"2022-03-07T14:22:59","guid":{"rendered":"https:\/\/staging.residencedorio.com\/meteo\/"},"modified":"2023-04-17T10:18:13","modified_gmt":"2023-04-17T09:18:13","slug":"meteo","status":"publish","type":"page","link":"https:\/\/staging.residencedorio.com\/fr\/meteo\/","title":{"rendered":"M\u00e9t\u00e9o"},"content":{"rendered":"\t\t<div data-elementor-type=\"wp-page\" data-elementor-id=\"1442\" class=\"elementor elementor-1442 elementor-633\" data-elementor-post-type=\"page\">\n\t\t\t\t\t\t<section class=\"elementor-section elementor-top-section elementor-element elementor-element-2780b18 elementor-section-height-min-height elementor-section-boxed elementor-section-height-default elementor-section-items-middle\" data-id=\"2780b18\" data-element_type=\"section\" data-e-type=\"section\" data-settings=\"{&quot;background_background&quot;:&quot;classic&quot;,&quot;shape_divider_bottom&quot;:&quot;waves&quot;}\">\n\t\t\t\t\t<div class=\"elementor-shape elementor-shape-bottom\" aria-hidden=\"true\" data-negative=\"false\">\n\t\t\t<svg xmlns=\"http:\/\/www.w3.org\/2000\/svg\" viewBox=\"0 0 1000 100\" preserveAspectRatio=\"none\">\n\t<path class=\"elementor-shape-fill\" d=\"M421.9,6.5c22.6-2.5,51.5,0.4,75.5,5.3c23.6,4.9,70.9,23.5,100.5,35.7c75.8,32.2,133.7,44.5,192.6,49.7\n\tc23.6,2.1,48.7,3.5,103.4-2.5c54.7-6,106.2-25.6,106.2-25.6V0H0v30.3c0,0,72,32.6,158.4,30.5c39.2-0.7,92.8-6.7,134-22.4\n\tc21.2-8.1,52.2-18.2,79.7-24.2C399.3,7.9,411.6,7.5,421.9,6.5z\"\/>\n<\/svg>\t\t<\/div>\n\t\t\t\t\t<div class=\"elementor-container elementor-column-gap-default\">\n\t\t\t\t\t<div class=\"elementor-column elementor-col-100 elementor-top-column elementor-element elementor-element-6de925d\" data-id=\"6de925d\" data-element_type=\"column\" data-e-type=\"column\">\n\t\t\t<div class=\"elementor-widget-wrap elementor-element-populated\">\n\t\t\t\t\t\t\t<\/div>\n\t\t<\/div>\n\t\t\t\t\t<\/div>\n\t\t<\/section>\n\t\t\t\t<section class=\"elementor-section elementor-top-section elementor-element elementor-element-867ec39 elementor-section-content-middle elementor-section-boxed elementor-section-height-default elementor-section-height-default\" data-id=\"867ec39\" data-element_type=\"section\" data-e-type=\"section\" data-settings=\"{&quot;background_background&quot;:&quot;classic&quot;}\">\n\t\t\t\t\t\t<div class=\"elementor-container elementor-column-gap-default\">\n\t\t\t\t\t<div class=\"elementor-column elementor-col-50 elementor-top-column elementor-element elementor-element-af472b9\" data-id=\"af472b9\" data-element_type=\"column\" data-e-type=\"column\">\n\t\t\t<div class=\"elementor-widget-wrap elementor-element-populated\">\n\t\t\t\t\t\t<div class=\"elementor-element elementor-element-3e672c9 elementor-widget elementor-widget-shortcode\" data-id=\"3e672c9\" data-element_type=\"widget\" data-e-type=\"widget\" data-widget_type=\"shortcode.default\">\n\t\t\t\t<div class=\"elementor-widget-container\">\n\t\t\t\t\t\t\t<div class=\"elementor-shortcode\"><style id=\"sp_lw_dynamic_css610\">#splw-location-weather-610.splw-main-wrapper {max-width: 320px;margin : auto;margin-bottom: 2em;}#splw-location-weather-610.splw-main-wrapper.horizontal {max-width: 666px;}#splw-location-weather-610 .splw-lite-wrapper,#splw-location-weather-610 .splw-forecast-weather select,#splw-location-weather-610 .splw-forecast-weather option,#splw-location-weather-610 .splw-lite-wrapper .splw-weather-attribution a{text-decoration: none;}#splw-location-weather-610 .splw-lite-templates-body{padding : 16px 20px 10px 20px;}#splw-location-weather-610 .splw-weather-detailed-updated-time{padding : 0 20px 10px 20px;}#splw-location-weather-610 .splw-lite-wrapper{ border: 0px solid #1764ea;}#splw-location-weather-610 .splw-lite-wrapper .splw-lite-current-temp .splw-weather-icon{width: 58px;}#splw-location-weather-610 .splw-lite-wrapper{border-radius: 0px;}#splw-location-weather-610 .splw-lite-daily-weather-details .details-icon i{color:#dfe6e9;}#splw-location-weather-610 .splw-lite-wrapper,#splw-location-weather-610 .splw-forecast-weather option{background:transparent}#splw-location-weather-610 .splw-lite-daily-weather-details.lw-center .splw-other-opt{text-align: center;}#splw-location-weather-610 .splw-weather-title{color: #000;margin-top: 0px;margin-bottom: 20px;}#splw-location-weather-610 .splw-lite-header-title{color: #1764ea;margin-top: 0px;margin-bottom: 10px;}#splw-location-weather-610 .splw-lite-current-time{color: #1764ea;margin-top: 0px;margin-bottom: 10px;}#splw-location-weather-610 .splw-cur-temp{color: #1764ea;margin-top: 0px;margin-bottom: 0px;}#splw-location-weather-610 .splw-lite-desc{color: #1764ea;margin-top: 20px;margin-bottom: 0px;}#splw-location-weather-610 .splw-lite-daily-weather-details{color: #fff;margin-top: 8px;margin-bottom: 3px;}#splw-location-weather-610 .splw-weather-details .splw-weather-icons {color: #1764ea;margin-top: 20px;margin-bottom: 0px;}#splw-location-weather-610 .lw-footer{margin-top: 0px;margin-bottom: 0px;}#splw-location-weather-610 .splw-weather-attribution a,#splw-location-weather-610 .splw-weather-attribution,#splw-location-weather-610 .splw-weather-detailed-updated-time a,#splw-location-weather-610 .splw-weather-updated-time{color: #1764ea;}#splw-location-weather-610.splw-main-wrapper {position: relative;}#lw-preloader-610{position: absolute;left: 0;top: 0;height: 100%;width: 100%;text-align: center;display: flex;align-items: center;justify-content: center;background: #fff;z-index: 9999;}<\/style><div id=\"splw-location-weather-610\" class=\"splw-main-wrapper vertical\" data-shortcode-id=\"610\">\n\t\t<div id=\"lw-preloader-610\" class=\"lw-preloader\">\n\t\t\t<img decoding=\"async\" src=\"https:\/\/staging.residencedorio.com\/wp-content\/plugins\/location-weather\/assets\/images\/spinner.svg\" class=\"skip-lazy\"  alt=\"loader-image\" width=\"50\" height=\"50\"\/>\n\t\t<\/div>\n\t\t\t<!-- section title html area start -->\n<!-- section area end -->\n\t<div class=\"splw-lite-wrapper lw-preloader-wrapper\">\n\t\t<div class=\"splw-lite-templates-body\">\n\t\t\t<div class=\"splw-lite-header\">\n\t<div class=\"splw-lite-header-title-wrapper\">\n\t\t\t\t<div class=\"splw-lite-header-title\">\n\t\t\tDorio\t\t<\/div>\n\t\t<!-- area end -->\n\t\t<!-- Current Date Time area start -->\n\t\t\t\t\t<div class=\"splw-lite-current-time\">\n\t\t\t\t\t\t\t\t<span class=\"lw-time\">04:43,  <\/span>\n\t\t\t\t<!-- time area end -->\n\t\t\t\t\t\t\t\t<span class=\"lw-date\">avril 25, 2026<\/span>\n\t\t\t\t<!-- date area end -->\n\t\t\t<\/div>\n\t\t<!-- date time area end -->\n\t<\/div>\n<\/div>\n<!-- full area end -->\n<div class=\"splw-lite-current-temp\">\n\t<div class=\"splw-cur-temp\">\n\t\t<!-- weather icon html area start -->\n\t\t<!-- weather icon html area end -->\n\t\t<!-- weather current temperature html area start -->\n\t\t\t\t\t<span class=\"cur-temp\"> \n\t\t\t\t<span class=\"current-temperature\">12<\/span><span class=\"temperature-scale\">\u00b0C<\/span>\t\t\t<\/span>\n\t\t<!-- temperature html area end -->\n\t<\/div>\n<\/div>\n\t<div class=\"splw-lite-desc\">\n\t\tnubi sparse\t<\/div>\n<div\n\tclass=\"splw-lite-daily-weather-details  lw-center \">\n\t<div class=\"splw-weather-details splw-other-opt\">\n\t\t\t<div class=\"splw-weather-icons icons_splw\">\n\t\t\t\t\t<!-- humidity area start -->\n\t\t\t\t\t\t<div class=\"splw-icon-humidity\">\n\t\t\t\t<span class=\"lw-title-wrapper\">\n\t\t\t\t\t<span class=\"details-icon\" title=\"Humidity\"><i class=\"splwp-icon-humidity-1\"><\/i><\/span>\t\t\t\t\t<span class=\"options-title\"><\/span>\n\t\t\t\t<\/span>\n\t\t\t\t<span class=\"options-value\">\n\t\t\t\t\t66 %\t\t\t\t<\/span>\n\t\t\t<\/div>\n\t\t\t\t\t\t<!-- humidity area end -->\n\t\t\t<!-- pressure area start -->\n\t\t\t\t\t\t<div class=\"splw-icon-pressure\">\n\t\t\t\t<span class=\"lw-title-wrapper\">\n\t\t\t\t\t<span class=\"details-icon\" title=\"Pressure\"><i class=\"splwp-icon-pressure-1\"><\/i><\/span>\t\t\t\t\t<span class=\"options-title\"><\/span>\n\t\t\t\t<\/span>\n\t\t\t\t<span class=\"options-value\">\n\t\t\t\t\t1017 mb\t\t\t\t<\/span>\n\t\t\t<\/div>\n\t\t\t\t\t\t<!-- pressure area end -->\n\t\t\t<!-- wind area start -->\n\t\t\t\t\t\t<div class=\"splw-icon-wind\">\n\t\t\t\t<span class=\"lw-title-wrapper\">\n\t\t\t\t\t<span class=\"details-icon\" title=\"Wind\"><i class=\"splwp-icon-wind-1\"><\/i><\/span>\t\t\t\t\t<span class=\"options-title\"><\/span>\n\t\t\t\t<\/span>\n\t\t\t\t<span class=\"options-value\">\n\t\t\t\t\t2 mph\t\t\t\t<\/span>\n\t\t\t<\/div>\n\t\t\t\t\t\t<!-- wind area end -->\n\t\t\t\t\t\t\t<\/div>\n\t\t\t\t<!-- Wind guest area start -->\n\t\t\t\t<div class=\"splw-gusts-wind\">\n\t\t\t<span class=\"lw-title-wrapper\">\n\t\t\t\t\t\t\t\t<span class=\"options-title\">Wind Gust:<\/span>\n\t\t\t<\/span>\n\t\t\t<span class=\"options-value\">\n\t\t\t\t4 mph\t\t\t<\/span>\n\t\t<\/div>\n\t\t\t\t<!-- Wind guest area end -->\n\t\t<!-- Clouds area start -->\n\t\t\t\t<!-- Clouds area end -->\n\t\t<!-- Visibility area start -->\n\t\t\t\t<div class=\"splw-visibility\">\n\t\t\t<span class=\"lw-title-wrapper\">\n\t\t\t\t\t\t\t\t<span class=\"options-title\">Visibility:<\/span>\n\t\t\t<\/span>\n\t\t\t<span class=\"options-value\">10 km<\/span>\n\t\t<\/div>\n\t\t\t\t<!-- Visibility area end -->\n\t\t\t\t<div class=\"splw-sunrise\">\n\t\t\t<span class=\"lw-title-wrapper\">\n\t\t\t\t\t\t\t\t<span class=\"options-title\">Sunrise:<\/span>\n\t\t\t<\/span>\n\t\t\t<span class=\"options-value\">06:19<\/span>\n\t\t<\/div>\n\t\t<div class=\"splw-sunset\">\n\t\t\t<span class=\"lw-title-wrapper\">\n\t\t\t\t\t\t\t\t<span class=\"options-title\">Sunset:<\/span>\n\t\t\t<\/span>\n\t\t\t<span class=\"options-value\">20:21<\/span>\n\t\t<\/div>\n\t\t\t<\/div>\n<\/div>\n\t\t\t<\/div>\n\t\t<!-- weather detailed and updated html area start -->\n\t<div class=\"lw-footer\">\n\t<!-- weather detailed and updated html area end -->\n<!-- weather attribute html area start -->\n\t\t<div class=\"splw-weather-attribution\">\n\t\t\t\t<a href=\"https:\/\/openweathermap.org\/\" target=\"_blank\">\n\t\t\t\t\t\tWeather from OpenWeatherMap\t\t\t\t<\/a>\n\t\t\t<\/div>\n<!-- weather attribute html area end -->\n<\/div>\n<!-- weather attribute html area end -->\n\t<\/div>\n<\/div>\n<\/div>\n\t\t\t\t\t\t<\/div>\n\t\t\t\t<\/div>\n\t\t\t\t\t<\/div>\n\t\t<\/div>\n\t\t\t\t<div class=\"elementor-column elementor-col-50 elementor-top-column elementor-element elementor-element-cd54169\" data-id=\"cd54169\" data-element_type=\"column\" data-e-type=\"column\">\n\t\t\t<div class=\"elementor-widget-wrap elementor-element-populated\">\n\t\t\t\t\t\t<div class=\"elementor-element elementor-element-3c781db elementor-widget elementor-widget-heading\" data-id=\"3c781db\" data-element_type=\"widget\" data-e-type=\"widget\" data-widget_type=\"heading.default\">\n\t\t\t\t<div class=\"elementor-widget-container\">\n\t\t\t\t\t<h2 class=\"elementor-heading-title elementor-size-default\">Vous voulez plus d'informations ?<\/h2>\t\t\t\t<\/div>\n\t\t\t\t<\/div>\n\t\t\t\t<div class=\"elementor-element elementor-element-93a698c elementor-align-center elementor-widget elementor-widget-button\" data-id=\"93a698c\" data-element_type=\"widget\" data-e-type=\"widget\" data-widget_type=\"button.default\">\n\t\t\t\t<div class=\"elementor-widget-container\">\n\t\t\t\t\t\t\t\t\t<div class=\"elementor-button-wrapper\">\n\t\t\t\t\t<a class=\"elementor-button elementor-button-link elementor-size-sm\" href=\"https:\/\/www.meteo.it\/meteo\/dorio-97032\" target=\"_blank\">\n\t\t\t\t\t\t<span class=\"elementor-button-content-wrapper\">\n\t\t\t\t\t\t\t\t\t<span class=\"elementor-button-text\">D\u00e9couvrez la m\u00e9t\u00e9o de la semaine<\/span>\n\t\t\t\t\t<\/span>\n\t\t\t\t\t<\/a>\n\t\t\t\t<\/div>\n\t\t\t\t\t\t\t\t<\/div>\n\t\t\t\t<\/div>\n\t\t\t\t<div class=\"elementor-element elementor-element-87c1605 elementor-align-center elementor-widget elementor-widget-button\" data-id=\"87c1605\" data-element_type=\"widget\" data-e-type=\"widget\" data-widget_type=\"button.default\">\n\t\t\t\t<div class=\"elementor-widget-container\">\n\t\t\t\t\t\t\t\t\t<div class=\"elementor-button-wrapper\">\n\t\t\t\t\t<a class=\"elementor-button elementor-button-link elementor-size-sm\" href=\"https:\/\/it.windfinder.com\/forecast\/lake_como_colico\" target=\"_blank\">\n\t\t\t\t\t\t<span class=\"elementor-button-content-wrapper\">\n\t\t\t\t\t\t\t\t\t<span class=\"elementor-button-text\">D\u00e9couvrir le vent sur le lac de C\u00f4me<\/span>\n\t\t\t\t\t<\/span>\n\t\t\t\t\t<\/a>\n\t\t\t\t<\/div>\n\t\t\t\t\t\t\t\t<\/div>\n\t\t\t\t<\/div>\n\t\t\t\t\t<\/div>\n\t\t<\/div>\n\t\t\t\t\t<\/div>\n\t\t<\/section>\n\t\t\t\t<\/div>\n\t\t","protected":false},"excerpt":{"rendered":"<p>Vous voulez plus d&rsquo;informations ? D\u00e9couvrez la m\u00e9t\u00e9o de la semaine D\u00e9couvrir le vent sur le lac de C\u00f4me<\/p>\n","protected":false},"author":1,"featured_media":0,"parent":0,"menu_order":0,"comment_status":"closed","ping_status":"closed","template":"elementor_header_footer","meta":{"footnotes":""},"class_list":["post-1442","page","type-page","status-publish","hentry"],"yoast_head":"<!-- This site is optimized with the Yoast SEO plugin v27.2 - https:\/\/yoast.com\/product\/yoast-seo-wordpress\/ -->\n<title>M\u00e9t\u00e9o - Residence Dorio<\/title>\n<meta name=\"robots\" content=\"noindex, follow, max-snippet:-1, max-image-preview:large, max-video-preview:-1\" \/>\n<meta property=\"og:locale\" content=\"fr_FR\" \/>\n<meta property=\"og:type\" content=\"article\" \/>\n<meta property=\"og:title\" content=\"M\u00e9t\u00e9o - Residence Dorio\" \/>\n<meta property=\"og:description\" content=\"Vous voulez plus d&rsquo;informations ? D\u00e9couvrez la m\u00e9t\u00e9o de la semaine D\u00e9couvrir le vent sur le lac de C\u00f4me\" \/>\n<meta property=\"og:url\" content=\"https:\/\/staging.residencedorio.com\/fr\/meteo\/\" \/>\n<meta property=\"og:site_name\" content=\"Residence Dorio\" \/>\n<meta property=\"article:modified_time\" content=\"2023-04-17T09:18:13+00:00\" \/>\n<meta name=\"twitter:card\" content=\"summary_large_image\" \/>\n<script type=\"application\/ld+json\" class=\"yoast-schema-graph\">{\"@context\":\"https:\/\/schema.org\",\"@graph\":[{\"@type\":\"WebPage\",\"@id\":\"https:\/\/staging.residencedorio.com\/fr\/meteo\/\",\"url\":\"https:\/\/staging.residencedorio.com\/fr\/meteo\/\",\"name\":\"M\u00e9t\u00e9o - Residence Dorio\",\"isPartOf\":{\"@id\":\"https:\/\/staging.residencedorio.com\/fr\/#website\"},\"datePublished\":\"2022-03-07T14:22:59+00:00\",\"dateModified\":\"2023-04-17T09:18:13+00:00\",\"breadcrumb\":{\"@id\":\"https:\/\/staging.residencedorio.com\/fr\/meteo\/#breadcrumb\"},\"inLanguage\":\"fr-FR\",\"potentialAction\":[{\"@type\":\"ReadAction\",\"target\":[\"https:\/\/staging.residencedorio.com\/fr\/meteo\/\"]}]},{\"@type\":\"BreadcrumbList\",\"@id\":\"https:\/\/staging.residencedorio.com\/fr\/meteo\/#breadcrumb\",\"itemListElement\":[{\"@type\":\"ListItem\",\"position\":1,\"name\":\"Home\",\"item\":\"https:\/\/staging.residencedorio.com\/fr\/accueil\/\"},{\"@type\":\"ListItem\",\"position\":2,\"name\":\"M\u00e9t\u00e9o\"}]},{\"@type\":\"WebSite\",\"@id\":\"https:\/\/staging.residencedorio.com\/fr\/#website\",\"url\":\"https:\/\/staging.residencedorio.com\/fr\/\",\"name\":\"Residence Dorio\",\"description\":\"La tua vacanza sul Lago di Como\",\"publisher\":{\"@id\":\"https:\/\/staging.residencedorio.com\/fr\/#organization\"},\"potentialAction\":[{\"@type\":\"SearchAction\",\"target\":{\"@type\":\"EntryPoint\",\"urlTemplate\":\"https:\/\/staging.residencedorio.com\/fr\/?s={search_term_string}\"},\"query-input\":{\"@type\":\"PropertyValueSpecification\",\"valueRequired\":true,\"valueName\":\"search_term_string\"}}],\"inLanguage\":\"fr-FR\"},{\"@type\":\"Organization\",\"@id\":\"https:\/\/staging.residencedorio.com\/fr\/#organization\",\"name\":\"Residence Dorio\",\"url\":\"https:\/\/staging.residencedorio.com\/fr\/\",\"logo\":{\"@type\":\"ImageObject\",\"inLanguage\":\"fr-FR\",\"@id\":\"https:\/\/staging.residencedorio.com\/fr\/#\/schema\/logo\/image\/\",\"url\":\"https:\/\/staging.residencedorio.com\/wp-content\/uploads\/2022\/01\/logo-residence-dorio.png\",\"contentUrl\":\"https:\/\/staging.residencedorio.com\/wp-content\/uploads\/2022\/01\/logo-residence-dorio.png\",\"width\":344,\"height\":64,\"caption\":\"Residence Dorio\"},\"image\":{\"@id\":\"https:\/\/staging.residencedorio.com\/fr\/#\/schema\/logo\/image\/\"}}]}<\/script>\n<!-- \/ Yoast SEO plugin. -->","yoast_head_json":{"title":"M\u00e9t\u00e9o - Residence Dorio","robots":{"index":"noindex","follow":"follow","max-snippet":"max-snippet:-1","max-image-preview":"max-image-preview:large","max-video-preview":"max-video-preview:-1"},"og_locale":"fr_FR","og_type":"article","og_title":"M\u00e9t\u00e9o - Residence Dorio","og_description":"Vous voulez plus d&rsquo;informations ? D\u00e9couvrez la m\u00e9t\u00e9o de la semaine D\u00e9couvrir le vent sur le lac de C\u00f4me","og_url":"https:\/\/staging.residencedorio.com\/fr\/meteo\/","og_site_name":"Residence Dorio","article_modified_time":"2023-04-17T09:18:13+00:00","twitter_card":"summary_large_image","schema":{"@context":"https:\/\/schema.org","@graph":[{"@type":"WebPage","@id":"https:\/\/staging.residencedorio.com\/fr\/meteo\/","url":"https:\/\/staging.residencedorio.com\/fr\/meteo\/","name":"M\u00e9t\u00e9o - Residence Dorio","isPartOf":{"@id":"https:\/\/staging.residencedorio.com\/fr\/#website"},"datePublished":"2022-03-07T14:22:59+00:00","dateModified":"2023-04-17T09:18:13+00:00","breadcrumb":{"@id":"https:\/\/staging.residencedorio.com\/fr\/meteo\/#breadcrumb"},"inLanguage":"fr-FR","potentialAction":[{"@type":"ReadAction","target":["https:\/\/staging.residencedorio.com\/fr\/meteo\/"]}]},{"@type":"BreadcrumbList","@id":"https:\/\/staging.residencedorio.com\/fr\/meteo\/#breadcrumb","itemListElement":[{"@type":"ListItem","position":1,"name":"Home","item":"https:\/\/staging.residencedorio.com\/fr\/accueil\/"},{"@type":"ListItem","position":2,"name":"M\u00e9t\u00e9o"}]},{"@type":"WebSite","@id":"https:\/\/staging.residencedorio.com\/fr\/#website","url":"https:\/\/staging.residencedorio.com\/fr\/","name":"Residence Dorio","description":"La tua vacanza sul Lago di Como","publisher":{"@id":"https:\/\/staging.residencedorio.com\/fr\/#organization"},"potentialAction":[{"@type":"SearchAction","target":{"@type":"EntryPoint","urlTemplate":"https:\/\/staging.residencedorio.com\/fr\/?s={search_term_string}"},"query-input":{"@type":"PropertyValueSpecification","valueRequired":true,"valueName":"search_term_string"}}],"inLanguage":"fr-FR"},{"@type":"Organization","@id":"https:\/\/staging.residencedorio.com\/fr\/#organization","name":"Residence Dorio","url":"https:\/\/staging.residencedorio.com\/fr\/","logo":{"@type":"ImageObject","inLanguage":"fr-FR","@id":"https:\/\/staging.residencedorio.com\/fr\/#\/schema\/logo\/image\/","url":"https:\/\/staging.residencedorio.com\/wp-content\/uploads\/2022\/01\/logo-residence-dorio.png","contentUrl":"https:\/\/staging.residencedorio.com\/wp-content\/uploads\/2022\/01\/logo-residence-dorio.png","width":344,"height":64,"caption":"Residence Dorio"},"image":{"@id":"https:\/\/staging.residencedorio.com\/fr\/#\/schema\/logo\/image\/"}}]}},"_links":{"self":[{"href":"https:\/\/staging.residencedorio.com\/fr\/wp-json\/wp\/v2\/pages\/1442","targetHints":{"allow":["GET"]}}],"collection":[{"href":"https:\/\/staging.residencedorio.com\/fr\/wp-json\/wp\/v2\/pages"}],"about":[{"href":"https:\/\/staging.residencedorio.com\/fr\/wp-json\/wp\/v2\/types\/page"}],"author":[{"embeddable":true,"href":"https:\/\/staging.residencedorio.com\/fr\/wp-json\/wp\/v2\/users\/1"}],"replies":[{"embeddable":true,"href":"https:\/\/staging.residencedorio.com\/fr\/wp-json\/wp\/v2\/comments?post=1442"}],"version-history":[{"count":2,"href":"https:\/\/staging.residencedorio.com\/fr\/wp-json\/wp\/v2\/pages\/1442\/revisions"}],"predecessor-version":[{"id":1455,"href":"https:\/\/staging.residencedorio.com\/fr\/wp-json\/wp\/v2\/pages\/1442\/revisions\/1455"}],"wp:attachment":[{"href":"https:\/\/staging.residencedorio.com\/fr\/wp-json\/wp\/v2\/media?parent=1442"}],"curies":[{"name":"wp","href":"https:\/\/api.w.org\/{rel}","templated":true}]}}